{"id":2102,"date":"2018-01-12T09:30:53","date_gmt":"2018-01-12T09:30:53","guid":{"rendered":"http:\/\/celeste.bold-themes.com\/main-demo\/?page_id=2102"},"modified":"2022-06-21T12:11:31","modified_gmt":"2022-06-21T12:11:31","slug":"latest-posts-six-columns","status":"publish","type":"page","link":"https:\/\/oananastase.com\/en\/blog\/latest-posts-six-columns\/","title":{"rendered":"Latest posts six columns"},"content":{"rendered":"<section id=\"bt_bb_section69d5acd20d75d\" class=\"bt_bb_section bt_bb_layout_boxed_1600 bt_bb_vertical_align_top bt_bb_top_spacing_large bt_bb_bottom_spacing_large\"  data-bt-override-class=\"null\"><div class=\"bt_bb_port\"><div class=\"bt_bb_cell\"><div class=\"bt_bb_cell_inner\"><div class=\"bt_bb_row_wrapper\"><div  class=\"bt_bb_row\" ><div  class=\"bt_bb_column col-xl-12 bt_bb_vertical_align_top bt_bb_align_left bt_bb_padding_normal\"  data-width=\"12\" data-bt-override-class=\"{}\"><div class=\"bt_bb_column_content\"><div class=\"bt_bb_column_content_inner\"><div class=\"bt_bb_latest_posts bt_bb_columns_6 bt_bb_gap_small bt_bb_image_shape_square\"><div class=\"bt_bb_latest_posts_item\"><div class=\"bt_bb_latest_posts_item_image\"><a href=\"https:\/\/oananastase.com\/en\/workshop-dance-stress-less\/\" target=\"_self\"><img src=\"https:\/\/oananastase.com\/wp-content\/uploads\/2026\/03\/Oana-prezentand-crop-doar-bust-640x537.jpg\" alt=\"Workshop &#038; Dance Stress Less\" title=\"Workshop &#038; Dance Stress Less\" class=\"\" \"><\/a><\/div><div class=\"bt_bb_latest_posts_item_content\"><div class=\"bt_bb_latest_posts_item_meta\"><span class=\"bt_bb_latest_posts_item_date\">March 23, 2026<\/span><span class=\"bt_bb_latest_posts_item_comments\">0<\/span><\/div><h5 class=\"bt_bb_latest_posts_item_title\"><a href=\"https:\/\/oananastase.com\/en\/workshop-dance-stress-less\/\" target=\"_self\">Workshop &#038; Dance Stress Less<\/a><\/h5><div class=\"bt_bb_latest_posts_item_excerpt\"><\/div><\/div><\/div><div class=\"bt_bb_latest_posts_item\"><div class=\"bt_bb_latest_posts_item_image\"><a href=\"https:\/\/oananastase.com\/en\/leadershe-co-creeaza-viitorul-workshop-si-follow-up\/\" target=\"_self\"><img src=\"https:\/\/oananastase.com\/wp-content\/uploads\/2025\/11\/cover-page-film-youtube-LeaderShe-co-creeaza-viitorul-640x734.png\" alt=\"LeaderShe co-creeaza viitorul workshop si follow up\" title=\"LeaderShe co-creeaza viitorul workshop si follow up\" class=\"\" \"><\/a><\/div><div class=\"bt_bb_latest_posts_item_content\"><div class=\"bt_bb_latest_posts_item_meta\"><span class=\"bt_bb_latest_posts_item_date\">November 9, 2025<\/span><span class=\"bt_bb_latest_posts_item_comments\">0<\/span><\/div><h5 class=\"bt_bb_latest_posts_item_title\"><a href=\"https:\/\/oananastase.com\/en\/leadershe-co-creeaza-viitorul-workshop-si-follow-up\/\" target=\"_self\">LeaderShe co-creeaza viitorul workshop si follow up<\/a><\/h5><div class=\"bt_bb_latest_posts_item_excerpt\"><\/div><\/div><\/div><div class=\"bt_bb_latest_posts_item\"><div class=\"bt_bb_latest_posts_item_image\"><a href=\"https:\/\/oananastase.com\/en\/o-luna-de-la-leadersheretreat-editia-de-toamna-2025\/\" target=\"_self\"><img src=\"https:\/\/oananastase.com\/wp-content\/uploads\/2025\/11\/IMG_0555.jpg\" alt=\"O luna de la #LeaderSheRetreat editia de toamna, 2025\" title=\"O luna de la #LeaderSheRetreat editia de toamna, 2025\" class=\"\" \"><\/a><\/div><div class=\"bt_bb_latest_posts_item_content\"><div class=\"bt_bb_latest_posts_item_meta\"><span class=\"bt_bb_latest_posts_item_date\">November 9, 2025<\/span><span class=\"bt_bb_latest_posts_item_comments\">0<\/span><\/div><h5 class=\"bt_bb_latest_posts_item_title\"><a href=\"https:\/\/oananastase.com\/en\/o-luna-de-la-leadersheretreat-editia-de-toamna-2025\/\" target=\"_self\">O luna de la #LeaderSheRetreat editia de toamna, 2025<\/a><\/h5><div class=\"bt_bb_latest_posts_item_excerpt\"><\/div><\/div><\/div><div class=\"bt_bb_latest_posts_item\"><div class=\"bt_bb_latest_posts_item_content\"><div class=\"bt_bb_latest_posts_item_meta\"><span class=\"bt_bb_latest_posts_item_date\">August 23, 2025<\/span><span class=\"bt_bb_latest_posts_item_comments\">0<\/span><\/div><h5 class=\"bt_bb_latest_posts_item_title\"><a href=\"https:\/\/oananastase.com\/en\/la-leadershe-retreat-pe-malul-raului-ialomicioara\/\" target=\"_self\">At LeaderShe Retreat, on the banks of the Ialomicioara River<\/a><\/h5><div class=\"bt_bb_latest_posts_item_excerpt\"><\/div><\/div><\/div><div class=\"bt_bb_latest_posts_item\"><div class=\"bt_bb_latest_posts_item_content\"><div class=\"bt_bb_latest_posts_item_meta\"><span class=\"bt_bb_latest_posts_item_date\">August 20, 2025<\/span><span class=\"bt_bb_latest_posts_item_comments\">0<\/span><\/div><h5 class=\"bt_bb_latest_posts_item_title\"><a href=\"https:\/\/oananastase.com\/en\/last-summer-edition-was-very-special-it-was-leadershehe-retreat\/\" target=\"_self\">Last summer edition was very special: it was LeaderShe&#038;He Retreat.<\/a><\/h5><div class=\"bt_bb_latest_posts_item_excerpt\"><\/div><\/div><\/div><div class=\"bt_bb_latest_posts_item\"><div class=\"bt_bb_latest_posts_item_content\"><div class=\"bt_bb_latest_posts_item_meta\"><span class=\"bt_bb_latest_posts_item_date\">August 19, 2025<\/span><span class=\"bt_bb_latest_posts_item_comments\">0<\/span><\/div><h5 class=\"bt_bb_latest_posts_item_title\"><a href=\"https:\/\/oananastase.com\/en\/first-summer-edition-of-leadershe-retreat-just-ended\/\" target=\"_self\">First summer edition of LeaderShe Retreat just ended<\/a><\/h5><div class=\"bt_bb_latest_posts_item_excerpt\"><\/div><\/div><\/div><div class=\"bt_bb_latest_posts_item\"><div class=\"bt_bb_latest_posts_item_image\"><a href=\"https:\/\/oananastase.com\/en\/accomplishment-between-success-and-fulfilment\/\" target=\"_self\"><img src=\"https:\/\/oananastase.com\/wp-content\/uploads\/2025\/07\/oana_speech-640x487.png\" alt=\"Accomplishment: Between Success and Fulfilment\" title=\"Accomplishment: Between Success and Fulfilment\" class=\"\" \"><\/a><\/div><div class=\"bt_bb_latest_posts_item_content\"><div class=\"bt_bb_latest_posts_item_meta\"><span class=\"bt_bb_latest_posts_item_date\">July 21, 2025<\/span><span class=\"bt_bb_latest_posts_item_comments\">0<\/span><\/div><h5 class=\"bt_bb_latest_posts_item_title\"><a href=\"https:\/\/oananastase.com\/en\/accomplishment-between-success-and-fulfilment\/\" target=\"_self\">Accomplishment: Between Success and Fulfilment<\/a><\/h5><div class=\"bt_bb_latest_posts_item_excerpt\"><\/div><\/div><\/div><div class=\"bt_bb_latest_posts_item\"><div class=\"bt_bb_latest_posts_item_content\"><div class=\"bt_bb_latest_posts_item_meta\"><span class=\"bt_bb_latest_posts_item_date\">May 31, 2025<\/span><span class=\"bt_bb_latest_posts_item_comments\">0<\/span><\/div><h5 class=\"bt_bb_latest_posts_item_title\"><a href=\"https:\/\/oananastase.com\/en\/%f0%9f%92%a5women-and-daily-stress\/\" target=\"_self\">\ud83d\udca5&quot;Women and daily stress&quot;<\/a><\/h5><div class=\"bt_bb_latest_posts_item_excerpt\"><\/div><\/div><\/div><div class=\"bt_bb_latest_posts_item\"><div class=\"bt_bb_latest_posts_item_content\"><div class=\"bt_bb_latest_posts_item_meta\"><span class=\"bt_bb_latest_posts_item_date\">May 31, 2025<\/span><span class=\"bt_bb_latest_posts_item_comments\">0<\/span><\/div><h5 class=\"bt_bb_latest_posts_item_title\"><a href=\"https:\/\/oananastase.com\/en\/leadership-is-about-making-others-better-as-a-result-of-your-presence-and-making-sure-that-impact-lasts-in-your-absence-sheryl-sandberg\/\" target=\"_self\">&quot;Leadership is about making others better as a result of your presence and making sure that impact lasts in your absence.&quot; Sheryl Sandberg,<\/a><\/h5><div class=\"bt_bb_latest_posts_item_excerpt\"><\/div><\/div><\/div><div class=\"bt_bb_latest_posts_item\"><div class=\"bt_bb_latest_posts_item_image\"><a href=\"https:\/\/oananastase.com\/en\/why-leadershe-coaching-trainings-workshops-retreats\/\" target=\"_self\"><img src=\"https:\/\/oananastase.com\/wp-content\/uploads\/2025\/05\/Oana-coroana-f-bun-640x853.jpg\" alt=\"WHY LEADERSHE COACHING, TRAININGS, WORKSHOPS, RETREATS?\" title=\"WHY LEADERSHE COACHING, TRAINING, WORKSHOPS, RETREATS?\" class=\"\" \"><\/a><\/div><div class=\"bt_bb_latest_posts_item_content\"><div class=\"bt_bb_latest_posts_item_meta\"><span class=\"bt_bb_latest_posts_item_date\">May 25, 2025<\/span><span class=\"bt_bb_latest_posts_item_comments\">0<\/span><\/div><h5 class=\"bt_bb_latest_posts_item_title\"><a href=\"https:\/\/oananastase.com\/en\/why-leadershe-coaching-trainings-workshops-retreats\/\" target=\"_self\">WHY LEADERSHE COACHING, TRAINING, WORKSHOPS, RETREATS?<\/a><\/h5><div class=\"bt_bb_latest_posts_item_excerpt\"><\/div><\/div><\/div><div class=\"bt_bb_latest_posts_item\"><div class=\"bt_bb_latest_posts_item_content\"><div class=\"bt_bb_latest_posts_item_meta\"><span class=\"bt_bb_latest_posts_item_date\">May 19, 2025<\/span><span class=\"bt_bb_latest_posts_item_comments\">0<\/span><\/div><h5 class=\"bt_bb_latest_posts_item_title\"><a href=\"https:\/\/oananastase.com\/en\/leadershe-relations-online-program-has-ended\/\" target=\"_self\">&quot;LeaderShe Relations&quot; online program has ended<\/a><\/h5><div class=\"bt_bb_latest_posts_item_excerpt\"><\/div><\/div><\/div><div class=\"bt_bb_latest_posts_item\"><div class=\"bt_bb_latest_posts_item_image\"><a href=\"https:\/\/oananastase.com\/en\/leadershe-relatii\/\" target=\"_self\"><img src=\"https:\/\/oananastase.com\/wp-content\/uploads\/2025\/03\/Screenshot-2025-03-25-at-21.27.12-640x263.png\" alt=\"LeaderShe \u2013 relatii\" title=\"LeaderShe \u2013 relationships\" class=\"\" \"><\/a><\/div><div class=\"bt_bb_latest_posts_item_content\"><div class=\"bt_bb_latest_posts_item_meta\"><span class=\"bt_bb_latest_posts_item_date\">March 25, 2025<\/span><span class=\"bt_bb_latest_posts_item_comments\">0<\/span><\/div><h5 class=\"bt_bb_latest_posts_item_title\"><a href=\"https:\/\/oananastase.com\/en\/leadershe-relatii\/\" target=\"_self\">LeaderShe \u2013 relationships<\/a><\/h5><div class=\"bt_bb_latest_posts_item_excerpt\"><\/div><\/div><\/div><div class=\"bt_bb_latest_posts_item\"><div class=\"bt_bb_latest_posts_item_image\"><a href=\"https:\/\/oananastase.com\/en\/cum-transformam-crizele-in-oportunitati-de-crestere-personala\/\" target=\"_self\"><img src=\"https:\/\/oananastase.com\/wp-content\/uploads\/2025\/03\/Screenshot-2025-03-08-at-20.26.37-640x336.png\" alt=\"Cum transform\u0103m crizele \u00een oportunit\u0103\u021bi de cre\u0219tere personal\u0103\" title=\"How to turn crises into opportunities for personal growth\" class=\"\" \"><\/a><\/div><div class=\"bt_bb_latest_posts_item_content\"><div class=\"bt_bb_latest_posts_item_meta\"><span class=\"bt_bb_latest_posts_item_date\">March 8, 2025<\/span><span class=\"bt_bb_latest_posts_item_comments\">0<\/span><\/div><h5 class=\"bt_bb_latest_posts_item_title\"><a href=\"https:\/\/oananastase.com\/en\/cum-transformam-crizele-in-oportunitati-de-crestere-personala\/\" target=\"_self\">How to turn crises into opportunities for personal growth<\/a><\/h5><div class=\"bt_bb_latest_posts_item_excerpt\"><\/div><\/div><\/div><div class=\"bt_bb_latest_posts_item\"><div class=\"bt_bb_latest_posts_item_image\"><a href=\"https:\/\/oananastase.com\/en\/leadershe-de-la-succes-la-implinire\/\" target=\"_self\"><img src=\"https:\/\/oananastase.com\/wp-content\/uploads\/2025\/02\/leaderShe_crop-640x243.jpg\" alt=\"LeaderShe &#8211; De la succes la implinire\" title=\"LeaderShe \u2013 From success to fulfillment\" class=\"\" \"><\/a><\/div><div class=\"bt_bb_latest_posts_item_content\"><div class=\"bt_bb_latest_posts_item_meta\"><span class=\"bt_bb_latest_posts_item_date\">February 18, 2025<\/span><span class=\"bt_bb_latest_posts_item_comments\">0<\/span><\/div><h5 class=\"bt_bb_latest_posts_item_title\"><a href=\"https:\/\/oananastase.com\/en\/leadershe-de-la-succes-la-implinire\/\" target=\"_self\">LeaderShe \u2013 From success to fulfillment<\/a><\/h5><div class=\"bt_bb_latest_posts_item_excerpt\"><\/div><\/div><\/div><div class=\"bt_bb_latest_posts_item\"><div class=\"bt_bb_latest_posts_item_image\"><a href=\"https:\/\/oananastase.com\/en\/leadershe-intre-feminism-si-feminitate\/\" target=\"_self\"><img src=\"https:\/\/oananastase.com\/wp-content\/uploads\/2024\/09\/Screenshot-2024-09-16-at-09.41.39-640x275.png\" alt=\"LeaderShe &#8211; intre feminism si feminitate\" title=\"LeaderShe \u2013 between feminism and femininity\" class=\"\" \"><\/a><\/div><div class=\"bt_bb_latest_posts_item_content\"><div class=\"bt_bb_latest_posts_item_meta\"><span class=\"bt_bb_latest_posts_item_date\">September 16, 2024<\/span><span class=\"bt_bb_latest_posts_item_comments\">0<\/span><\/div><h5 class=\"bt_bb_latest_posts_item_title\"><a href=\"https:\/\/oananastase.com\/en\/leadershe-intre-feminism-si-feminitate\/\" target=\"_self\">LeaderShe \u2013 between feminism and femininity<\/a><\/h5><div class=\"bt_bb_latest_posts_item_excerpt\"><\/div><\/div><\/div><div class=\"bt_bb_latest_posts_item\"><div class=\"bt_bb_latest_posts_item_image\"><a href=\"https:\/\/oananastase.com\/en\/leadershe-retreat-autumn-edition-4-6-october\/\" target=\"_self\"><img src=\"https:\/\/oananastase.com\/wp-content\/uploads\/2024\/09\/Screenshot-2024-09-16-at-09.38.13-640x409.png\" alt=\"LeaderShe Retreat, autumn edition, 4-6 October\" title=\"LeaderShe Retreat, autumn edition, 4-6 October\" class=\"\" \"><\/a><\/div><div class=\"bt_bb_latest_posts_item_content\"><div class=\"bt_bb_latest_posts_item_meta\"><span class=\"bt_bb_latest_posts_item_date\">September 16, 2024<\/span><span class=\"bt_bb_latest_posts_item_comments\">0<\/span><\/div><h5 class=\"bt_bb_latest_posts_item_title\"><a href=\"https:\/\/oananastase.com\/en\/leadershe-retreat-autumn-edition-4-6-october\/\" target=\"_self\">LeaderShe Retreat, autumn edition, 4-6 October<\/a><\/h5><div class=\"bt_bb_latest_posts_item_excerpt\"><\/div><\/div><\/div><div class=\"bt_bb_latest_posts_item\"><div class=\"bt_bb_latest_posts_item_image\"><a href=\"https:\/\/oananastase.com\/en\/august-leadershe-retreat\/\" target=\"_self\"><img src=\"https:\/\/oananastase.com\/wp-content\/uploads\/2024\/07\/poza_coperta_retreat-640x480.jpg\" alt=\"August: LeaderShe Retreat\" title=\"August: LeaderShe Retreat\" class=\"\" \"><\/a><\/div><div class=\"bt_bb_latest_posts_item_content\"><div class=\"bt_bb_latest_posts_item_meta\"><span class=\"bt_bb_latest_posts_item_date\">July 22, 2024<\/span><span class=\"bt_bb_latest_posts_item_comments\">0<\/span><\/div><h5 class=\"bt_bb_latest_posts_item_title\"><a href=\"https:\/\/oananastase.com\/en\/august-leadershe-retreat\/\" target=\"_self\">August: LeaderShe Retreat<\/a><\/h5><div class=\"bt_bb_latest_posts_item_excerpt\"><\/div><\/div><\/div><div class=\"bt_bb_latest_posts_item\"><div class=\"bt_bb_latest_posts_item_image\"><a href=\"https:\/\/oananastase.com\/en\/july-articol-profit-ro\/\" target=\"_self\"><img src=\"https:\/\/oananastase.com\/wp-content\/uploads\/2024\/07\/oana-nastase-640x339.png\" alt=\"July: Articol: Profit.ro\" title=\"July: Article: Profit.ro\" class=\"\" \"><\/a><\/div><div class=\"bt_bb_latest_posts_item_content\"><div class=\"bt_bb_latest_posts_item_meta\"><span class=\"bt_bb_latest_posts_item_date\">July 22, 2024<\/span><span class=\"bt_bb_latest_posts_item_comments\">0<\/span><\/div><h5 class=\"bt_bb_latest_posts_item_title\"><a href=\"https:\/\/oananastase.com\/en\/july-articol-profit-ro\/\" target=\"_self\">July: Article: Profit.ro<\/a><\/h5><div class=\"bt_bb_latest_posts_item_excerpt\"><\/div><\/div><\/div><\/div><\/div><\/div><\/div><\/div><\/div><\/div><!-- cell_inner --><\/div><!-- cell --><\/div><!-- port --><\/section>","protected":false},"excerpt":{"rendered":"<p>Distinctively exploit optimal alignments for intuitive bandwidth. Quickly coordinate e-business applications through revolutionary catalysts for change.<\/p>","protected":false},"author":2,"featured_media":2506,"parent":19,"menu_order":0,"comment_status":"closed","ping_status":"closed","template":"","meta":[],"_links":{"self":[{"href":"https:\/\/oananastase.com\/en\/wp-json\/wp\/v2\/pages\/2102"}],"collection":[{"href":"https:\/\/oananastase.com\/en\/wp-json\/wp\/v2\/pages"}],"about":[{"href":"https:\/\/oananastase.com\/en\/wp-json\/wp\/v2\/types\/page"}],"author":[{"embeddable":true,"href":"https:\/\/oananastase.com\/en\/wp-json\/wp\/v2\/users\/2"}],"replies":[{"embeddable":true,"href":"https:\/\/oananastase.com\/en\/wp-json\/wp\/v2\/comments?post=2102"}],"version-history":[{"count":1,"href":"https:\/\/oananastase.com\/en\/wp-json\/wp\/v2\/pages\/2102\/revisions"}],"predecessor-version":[{"id":2964,"href":"https:\/\/oananastase.com\/en\/wp-json\/wp\/v2\/pages\/2102\/revisions\/2964"}],"up":[{"embeddable":true,"href":"https:\/\/oananastase.com\/en\/wp-json\/wp\/v2\/pages\/19"}],"wp:featuredmedia":[{"embeddable":true,"href":"https:\/\/oananastase.com\/en\/wp-json\/wp\/v2\/media\/2506"}],"wp:attachment":[{"href":"https:\/\/oananastase.com\/en\/wp-json\/wp\/v2\/media?parent=2102"}],"curies":[{"name":"wp","href":"https:\/\/api.w.org\/{rel}","templated":true}]}}